{"id":11363,"date":"2025-12-11T11:39:11","date_gmt":"2025-12-11T11:39:11","guid":{"rendered":"https:\/\/dev.tomjets.com\/?post_type=product&#038;p=11363"},"modified":"2026-01-10T10:07:12","modified_gmt":"2026-01-10T10:07:12","slug":"5mm-dual-navigationblitzlicht-10wx2-rot","status":"publish","type":"product","link":"https:\/\/www.tomjets.com\/de\/produkt\/5mm-dual-navigationblitzlicht-10wx2-rot\/","title":{"rendered":"5mm DUAL Navigation+Blitzlicht, 10Wx2 Rot"},"content":{"rendered":"<p class=\"text-muted small\">Extrem schlankes aber leistungsf\u00e4higes Miniatur Positions- und Blitzlicht in einem Geh\u00e4use<\/p>\n<div class=\"oe_structure\">\n<p>Der 5mm Lichtbalken au\u00dfen ist sehr schlank und passt optisch auch auf kleine Modelle, d\u00fcnne Tragfl\u00e4chen und eignet sich perfekt f\u00fcr alle Sportmodelle. Durch die leistungsstarken LED Emitter hat es aber, trotz der Micro-Abmessung, eine extreme Licht- und Blitzleistung und ist daher auch f\u00fcr gr\u00f6\u00dfere Modelle gut geeignet. Die nach innen verlagerte K\u00fchlfl\u00e4che erlaubt erstaunlich kompakte Dimensionen bei einzigartig schlankem Design.<\/p>\n<\/div>\n","protected":false},"excerpt":{"rendered":"<p>Extrem schlankes aber leistungsf\u00e4higes Miniatur Positions- und Blitzlicht in einem Geh\u00e4use Der 5mm Lichtbalken au\u00dfen ist sehr schlank und passt<\/p>\n","protected":false},"featured_media":11360,"template":"","meta":{"_seopress_robots_primary_cat":"","_seopress_titles_title":"","_seopress_titles_desc":"","_seopress_robots_index":""},"product_brand":[203],"product_cat":[210],"product_tag":[269,268,267,271,270],"class_list":{"0":"post-11363","1":"product","2":"type-product","3":"status-publish","4":"has-post-thumbnail","6":"product_brand-unilight","7":"product_cat-beleuchtung","8":"product_tag-controller","9":"product_tag-led","10":"product_tag-lightning","11":"product_tag-navigationsbeleuchtung","12":"product_tag-scheinwerfer","14":"first","15":"instock","16":"taxable","17":"shipping-taxable","18":"purchasable","19":"product-type-simple"},"bundled_by":["11967","11983"],"bundle_stock_status":"instock","bundle_stock_quantity":null,"bundle_virtual":false,"bundle_layout":"","bundle_add_to_cart_form_location":"","bundle_editable_in_cart":false,"bundle_sold_individually_context":"","bundle_item_grouping":"","bundle_min_size":"","bundle_max_size":"","bundle_price":[],"bundled_items":[],"bundle_sell_ids":[],"_links":{"self":[{"href":"https:\/\/www.tomjets.com\/de\/wp-json\/wp\/v2\/product\/11363","targetHints":{"allow":["GET"]}}],"collection":[{"href":"https:\/\/www.tomjets.com\/de\/wp-json\/wp\/v2\/product"}],"about":[{"href":"https:\/\/www.tomjets.com\/de\/wp-json\/wp\/v2\/types\/product"}],"version-history":[{"count":3,"href":"https:\/\/www.tomjets.com\/de\/wp-json\/wp\/v2\/product\/11363\/revisions"}],"predecessor-version":[{"id":11366,"href":"https:\/\/www.tomjets.com\/de\/wp-json\/wp\/v2\/product\/11363\/revisions\/11366"}],"wp:featuredmedia":[{"embeddable":true,"href":"https:\/\/www.tomjets.com\/de\/wp-json\/wp\/v2\/media\/11360"}],"wp:attachment":[{"href":"https:\/\/www.tomjets.com\/de\/wp-json\/wp\/v2\/media?parent=11363"}],"wp:term":[{"taxonomy":"product_brand","embeddable":true,"href":"https:\/\/www.tomjets.com\/de\/wp-json\/wp\/v2\/product_brand?post=11363"},{"taxonomy":"product_cat","embeddable":true,"href":"https:\/\/www.tomjets.com\/de\/wp-json\/wp\/v2\/product_cat?post=11363"},{"taxonomy":"product_tag","embeddable":true,"href":"https:\/\/www.tomjets.com\/de\/wp-json\/wp\/v2\/product_tag?post=11363"}],"curies":[{"name":"wp","href":"https:\/\/api.w.org\/{rel}","templated":true}]}}