{"id":11433,"date":"2025-12-11T14:11:20","date_gmt":"2025-12-11T14:11:20","guid":{"rendered":"https:\/\/dev.tomjets.com\/?post_type=product&#038;p=11433"},"modified":"2026-01-17T12:06:11","modified_gmt":"2026-01-17T11:06:11","slug":"hobbywing-flyfun-v5-160a-regler-6-14-s-opto","status":"publish","type":"product","link":"https:\/\/www.tomjets.com\/de\/produkt\/hobbywing-flyfun-v5-160a-regler-6-14-s-opto\/","title":{"rendered":"Hobbywing FlyFun V5 160A Regler 6-14 s Opto"},"content":{"rendered":"<p>Die neue FlyFun V5 Serie wurde von Grund auf neu designed. \u00c4u\u00dferlich erkennbar ist der solide Aufbau und der massiv ausgef\u00fchrte Aluminium-K\u00fchlk\u00f6rper. Im Inneren spiegelt der kompakte Aufbau mit hochwertig verbauten Elektronikkomponenten das innovative, moderne Design wieder.<\/p>\n<ul>\n<li>DEO Driving Efficiency Optimization Technologie<\/li>\n<li>Bremswirkung 8fach einstellbar<\/li>\n<li>LiPo Unterspannungsschutz einstellbar (aus \/ 2.8V &#8211; 3.8V)<\/li>\n<li>Timing einstellbar (0\u00b0 &#8211; 30\u00b0)<\/li>\n<li><span class=\"HwtZe\" lang=\"de\"><span class=\"HwtZe\" lang=\"de\"><span class=\"jCAhz ChMk0b\"><span class=\"ryNqvb\">Abmessungen:110x50x33mm<\/span><\/span><\/span><\/span><\/li>\n<li>Gewicht 221g<\/li>\n<\/ul>\n","protected":false},"excerpt":{"rendered":"<p>Die neue FlyFun V5 Serie wurde von Grund auf neu designed. \u00c4u\u00dferlich erkennbar ist der solide Aufbau und der massiv<\/p>\n","protected":false},"featured_media":11436,"template":"","meta":{"_seopress_robots_primary_cat":"","_seopress_titles_title":"","_seopress_titles_desc":"","_seopress_robots_index":""},"product_brand":[200],"product_cat":[206,279],"product_tag":[282,269,280,281],"class_list":{"0":"post-11433","1":"product","2":"type-product","3":"status-publish","4":"has-post-thumbnail","6":"product_brand-hobbywing","7":"product_cat-buerstenloscontroller","8":"product_cat-nobec","9":"product_tag-buerstenlos","10":"product_tag-controller","11":"product_tag-esc","12":"product_tag-regler","14":"first","15":"instock","16":"taxable","17":"shipping-taxable","18":"purchasable","19":"product-type-simple"},"bundled_by":[],"bundle_stock_status":"instock","bundle_stock_quantity":null,"bundle_virtual":false,"bundle_layout":"","bundle_add_to_cart_form_location":"","bundle_editable_in_cart":false,"bundle_sold_individually_context":"","bundle_item_grouping":"","bundle_min_size":"","bundle_max_size":"","bundle_price":[],"bundled_items":[],"bundle_sell_ids":[],"_links":{"self":[{"href":"https:\/\/www.tomjets.com\/de\/wp-json\/wp\/v2\/product\/11433","targetHints":{"allow":["GET"]}}],"collection":[{"href":"https:\/\/www.tomjets.com\/de\/wp-json\/wp\/v2\/product"}],"about":[{"href":"https:\/\/www.tomjets.com\/de\/wp-json\/wp\/v2\/types\/product"}],"version-history":[{"count":3,"href":"https:\/\/www.tomjets.com\/de\/wp-json\/wp\/v2\/product\/11433\/revisions"}],"predecessor-version":[{"id":11440,"href":"https:\/\/www.tomjets.com\/de\/wp-json\/wp\/v2\/product\/11433\/revisions\/11440"}],"wp:featuredmedia":[{"embeddable":true,"href":"https:\/\/www.tomjets.com\/de\/wp-json\/wp\/v2\/media\/11436"}],"wp:attachment":[{"href":"https:\/\/www.tomjets.com\/de\/wp-json\/wp\/v2\/media?parent=11433"}],"wp:term":[{"taxonomy":"product_brand","embeddable":true,"href":"https:\/\/www.tomjets.com\/de\/wp-json\/wp\/v2\/product_brand?post=11433"},{"taxonomy":"product_cat","embeddable":true,"href":"https:\/\/www.tomjets.com\/de\/wp-json\/wp\/v2\/product_cat?post=11433"},{"taxonomy":"product_tag","embeddable":true,"href":"https:\/\/www.tomjets.com\/de\/wp-json\/wp\/v2\/product_tag?post=11433"}],"curies":[{"name":"wp","href":"https:\/\/api.w.org\/{rel}","templated":true}]}}