{"id":11660,"date":"2026-01-04T14:40:25","date_gmt":"2026-01-04T14:40:25","guid":{"rendered":"https:\/\/dev.tomjets.com\/?post_type=product&#038;p=11660"},"modified":"2026-02-06T09:36:17","modified_gmt":"2026-02-06T08:36:17","slug":"700-98-840kv-het-typhoon-brushless-motor","status":"publish","type":"product","link":"https:\/\/www.tomjets.com\/de\/produkt\/700-98-840kv-het-typhoon-brushless-motor\/","title":{"rendered":"700-98-840KV HET Typhoon brushless motor"},"content":{"rendered":"<p>High End Technology Motoren sind speziell ausgelegt f\u00fcr den effizienten Einsatz f\u00fcr Impeller. Durch ihre Innenl\u00e4ufer-Bauweise und ihrer hohen Laufruhe tragen Typhoon Motoren ma\u00dfgeblich zu einem unverkennbar realistischen Jetsound bei.<\/p>\n<ul>\n<li>empfohlenes Timing: low (5\u00b0-10\u00b0)<\/li>\n<li>Heatsink im Lieferumfang enthalten<\/li>\n<li>Durchmesser: 39 mm<\/li>\n<li>L\u00e4nge: 98 mm<\/li>\n<li>Wellendurchmesser: 8 mm<\/li>\n<li>Gewicht: 560 grams<\/li>\n<li>Polzahl: 4<\/li>\n<li>Innenwiderstand: 11,2Ohm<\/li>\n<li>max. Zellenzahl: 12<\/li>\n<li>max. Leistung 4800W<\/li>\n<\/ul>\n","protected":false},"excerpt":{"rendered":"<p>High End Technology Motoren sind speziell ausgelegt f\u00fcr den effizienten Einsatz f\u00fcr Impeller. Durch ihre Innenl\u00e4ufer-Bauweise und ihrer hohen Laufruhe<\/p>\n","protected":false},"featured_media":11614,"template":"","meta":{"_seopress_robots_primary_cat":"","_seopress_titles_title":"","_seopress_titles_desc":"","_seopress_robots_index":""},"product_brand":[199],"product_cat":[307,193],"product_tag":[300,282,227,228,226,225,301],"class_list":{"0":"post-11660","1":"product","2":"type-product","3":"status-publish","4":"has-post-thumbnail","6":"product_brand-highendtechnology","7":"product_cat-39mm","8":"product_cat-motoren","9":"product_tag-brushless-motor","10":"product_tag-buerstenlos","11":"product_tag-ducted-fan","12":"product_tag-edf","13":"product_tag-impeller","14":"product_tag-jetfan","15":"product_tag-motor","17":"first","18":"instock","19":"taxable","20":"shipping-taxable","21":"purchasable","22":"product-type-simple"},"bundled_by":["12598","12604"],"bundle_stock_status":"instock","bundle_stock_quantity":null,"bundle_virtual":false,"bundle_layout":"","bundle_add_to_cart_form_location":"","bundle_editable_in_cart":false,"bundle_sold_individually_context":"","bundle_item_grouping":"","bundle_min_size":"","bundle_max_size":"","bundle_price":[],"bundled_items":[],"bundle_sell_ids":[],"_links":{"self":[{"href":"https:\/\/www.tomjets.com\/de\/wp-json\/wp\/v2\/product\/11660","targetHints":{"allow":["GET"]}}],"collection":[{"href":"https:\/\/www.tomjets.com\/de\/wp-json\/wp\/v2\/product"}],"about":[{"href":"https:\/\/www.tomjets.com\/de\/wp-json\/wp\/v2\/types\/product"}],"version-history":[{"count":2,"href":"https:\/\/www.tomjets.com\/de\/wp-json\/wp\/v2\/product\/11660\/revisions"}],"predecessor-version":[{"id":11662,"href":"https:\/\/www.tomjets.com\/de\/wp-json\/wp\/v2\/product\/11660\/revisions\/11662"}],"wp:featuredmedia":[{"embeddable":true,"href":"https:\/\/www.tomjets.com\/de\/wp-json\/wp\/v2\/media\/11614"}],"wp:attachment":[{"href":"https:\/\/www.tomjets.com\/de\/wp-json\/wp\/v2\/media?parent=11660"}],"wp:term":[{"taxonomy":"product_brand","embeddable":true,"href":"https:\/\/www.tomjets.com\/de\/wp-json\/wp\/v2\/product_brand?post=11660"},{"taxonomy":"product_cat","embeddable":true,"href":"https:\/\/www.tomjets.com\/de\/wp-json\/wp\/v2\/product_cat?post=11660"},{"taxonomy":"product_tag","embeddable":true,"href":"https:\/\/www.tomjets.com\/de\/wp-json\/wp\/v2\/product_tag?post=11660"}],"curies":[{"name":"wp","href":"https:\/\/api.w.org\/{rel}","templated":true}]}}